{"id":2,"date":"2016-05-10T03:48:21","date_gmt":"2016-05-10T03:48:21","guid":{"rendered":"http:\/\/wp452m.a10-52-158-154.qa.plesk.ru\/wordpress\/?page_id=2"},"modified":"2017-01-03T20:43:13","modified_gmt":"2017-01-03T19:43:13","slug":"sample-page","status":"publish","type":"page","link":"https:\/\/woiti.de\/","title":{"rendered":"Herzlich Willkommen,"},"content":{"rendered":"<p>&nbsp;<\/p>\n<p>auf den folgenden Seiten k\u00f6nnen Sie sich \u00fcber mich informieren.<\/p>\n<p><a href=\"http:\/\/woiti.de\/wp-content\/uploads\/2016\/05\/socha_andre-1.jpg\"><img decoding=\"async\" loading=\"lazy\" class=\"alignnone size-medium wp-image-82\" src=\"http:\/\/woiti.de\/wp-content\/uploads\/2016\/05\/socha_andre-1-298x300.jpg\" alt=\"socha_andre\" width=\"298\" height=\"300\" srcset=\"https:\/\/woiti.de\/wp-content\/uploads\/2016\/05\/socha_andre-1-298x300.jpg 298w, https:\/\/woiti.de\/wp-content\/uploads\/2016\/05\/socha_andre-1-150x150.jpg 150w, https:\/\/woiti.de\/wp-content\/uploads\/2016\/05\/socha_andre-1-768x772.jpg 768w, https:\/\/woiti.de\/wp-content\/uploads\/2016\/05\/socha_andre-1-1018x1024.jpg 1018w\" sizes=\"(max-width: 298px) 100vw, 298px\" \/><\/a><\/p>\n<p>Andr\u00e9 Socha<\/p>\n","protected":false},"excerpt":{"rendered":"<p>&nbsp; auf den folgenden Seiten k\u00f6nnen Sie sich \u00fcber mich informieren. Andr\u00e9 Socha<\/p>\n","protected":false},"author":1,"featured_media":0,"parent":0,"menu_order":0,"comment_status":"closed","ping_status":"open","template":"","meta":{"footnotes":""},"_links":{"self":[{"href":"https:\/\/woiti.de\/index.php?rest_route=\/wp\/v2\/pages\/2"}],"collection":[{"href":"https:\/\/woiti.de\/index.php?rest_route=\/wp\/v2\/pages"}],"about":[{"href":"https:\/\/woiti.de\/index.php?rest_route=\/wp\/v2\/types\/page"}],"author":[{"embeddable":true,"href":"https:\/\/woiti.de\/index.php?rest_route=\/wp\/v2\/users\/1"}],"replies":[{"embeddable":true,"href":"https:\/\/woiti.de\/index.php?rest_route=%2Fwp%2Fv2%2Fcomments&post=2"}],"version-history":[{"count":6,"href":"https:\/\/woiti.de\/index.php?rest_route=\/wp\/v2\/pages\/2\/revisions"}],"predecessor-version":[{"id":84,"href":"https:\/\/woiti.de\/index.php?rest_route=\/wp\/v2\/pages\/2\/revisions\/84"}],"wp:attachment":[{"href":"https:\/\/woiti.de\/index.php?rest_route=%2Fwp%2Fv2%2Fmedia&parent=2"}],"curies":[{"name":"wp","href":"https:\/\/api.w.org\/{rel}","templated":true}]}}