{"id":7,"date":"2016-10-25T18:28:49","date_gmt":"2016-10-25T18:28:49","guid":{"rendered":"http:\/\/woiti.de\/?page_id=7"},"modified":"2023-10-17T14:01:46","modified_gmt":"2023-10-17T12:01:46","slug":"lebenslauf","status":"publish","type":"page","link":"https:\/\/woiti.de\/?page_id=7","title":{"rendered":"Lebenslauf"},"content":{"rendered":"<p>Seit 11\/2023 Senior System Manager<br \/>\nBundesdruckerei GmbH<\/p>\n<p>Seit 07\/2023 Senior Expert Service Operational Intelligence<br \/>\nBundesdruckerei GmbH<\/p>\n<p>Seit 01\/2022 Senior Technical Service Specialist<br \/>\nBundesdruckerei GmbH<\/p>\n<p>Seit 05\/2017 Technical Service Specialist<br \/>\nBundesdruckerei GmbH<br \/>\n\u2022 Betreuung <a href=\"https:\/\/www.bundesdruckerei.de\/de\/Loesungen-Produkte\/Hoheitliche-Loesungen\/Grenzkontrolle\">EasyPASS<\/a>; Automatische Biometrische Grenzkontrolle<br \/>\n\u2022 Betreuung <a href=\"https:\/\/www.bundesdruckerei.de\/de\/Loesungen-Produkte\/Sichere-digitale-Identitaeten\/Smartcards-Token\">GoID<\/a>;\u00a0 Biometrische Zugangskarte mit integriertem Fingerabdrucksensor<\/p>\n<p>06\/2015 \u2013 05\/2017 Leiter Support<br \/>\nRigilog GmbH<br \/>\n\u2022 Leitung Support + Test Team<br \/>\n\u2022 Personelle Verantwortung f\u00fcr 5 Mitarbeiter<br \/>\n\u2022 Mitglied im Managementboard<br \/>\n\u2022 Budgetplanung IT Infrastruktur<br \/>\n\u2022 Kundensupport D-A-CH<br \/>\n\u2022 Prozessdokumentation und Optimierung<br \/>\n\u2022 Administration und Prozessmodellierung in Jira<br \/>\n\u2022 Aufbau und Pflege der internen Entwicklungs- und Supportprozesse<br \/>\n\u2022 Konzepterstellung f\u00fcr Kunden- sowie Infrastrukturdokumentationen<br \/>\n\u2022 Bestellter Datenschutzbeauftragter<br \/>\n\u2022 Sicherheitsbeauftragter<br \/>\n\u2022 Personalauswahl, Ansprechpartner in Personalfragen<br \/>\n\u2022 Regelm\u00e4\u00dfiger Bericht an die Gesch\u00e4ftsf\u00fchrung<br \/>\n\u2022 Active Directory-, MS Webserver-, MS SQL- Administration, MS Exchange<\/p>\n<p>02\/2015 \u2013 06\/2015 Leiter IT Service &amp; Support<br \/>\nHelios IT Service GmbH<br \/>\n\u2022 Personelle Verantwortung f\u00fcr 5 Mitarbeiter<br \/>\n\u2022 Zusammenf\u00fchrung von Hotline und Au\u00dfendienst zu Service &amp; Support<br \/>\n\u2022 Einf\u00fchrung von Dokumentation und Systembeschreibung<br \/>\n\u2022 Aufbau der internen Team\u00fcbergreifenden Kommunikation der IT-Abteilung<br \/>\n\u2022 Dienstplanung Service &amp; Support<br \/>\n\u2022 Erstellung und Evaluierung einer IAM L\u00f6sung f\u00fcr die Standorte Berlin-Buch und Berlin-Zehlendorf, sowie der Konzern IT<br \/>\n\u2022 Regelm\u00e4\u00dfiger Bericht an die Konzernleitung<br \/>\n\u2022 Bugetplanung<br \/>\n01\/2005 \u2013 02\/2015 Angestellter in der DV-Systemtechnik<br \/>\nDeutsche Telekom Innovation Laboratories \/<br \/>\nTechnische Universit\u00e4t Berlin \/ DAI Labor<br \/>\n\u2022 Stellvertretender ICT &amp; Facility Leiter<br \/>\n\u2022 Fachteamverantwortung f\u00fcr Clientsupport &amp; Mobilfunk mit 7 \u00a0 \u00a0 \u00a0 \u00a0 \u00a0 \u00a0 \u00a0 Mitarbeitern<br \/>\n\u2022 Windows 7 Migration von Windows XP, an 4 internationalen \u00a0 \u00a0 \u00a0 \u00a0 \u00a0 \u00a0 \u00a0 \u00a0 \u00a0 Standorten mit 700 Clients<br \/>\n\u2022 Evaluierung und Einf\u00fchrung des Ticketsystems Helpline nach ITIL<br \/>\n\u2022 Einf\u00fchrung und Wartung der Clientverschl\u00fcsselung Sophos Safe \u00a0 \u00a0 \u00a0 \u00a0 Guard Encrypton 5.60<br \/>\n\u2022 Einf\u00fchrung und Wartung des Clientbackupsystems Atempo \u00a0 \u00a0 \u00a0 \u00a0 \u00a0 \u00a0 \u00a0 \u00a0 \u00a0 \u00a0 Livebackup Client<br \/>\n\u2022 Beschaffung neuer Hardware sowie Erstellung und Planung von \u00a0 \u00a0 \u00a0 \u00a0 \u00a0 Einsatzszenarien neuer Ger\u00e4teklassen<br \/>\n\u2022 Aufbau und Betrieb einer WLAN-Lokalisierungsl\u00f6sung Ekahau<br \/>\n\u2022 Betrieb und Weiterentwicklung der zentralen relationalen \u00a0 \u00a0 \u00a0 \u00a0 \u00a0 \u00a0 \u00a0 \u00a0 \u00a0 \u00a0 \u00a0 Datenbank f\u00fcr Hard- und Software, Userverwaltung, \u00a0 \u00a0 \u00a0 \u00a0 \u00a0 \u00a0 \u00a0 \u00a0 \u00a0 \u00a0 \u00a0 \u00a0 \u00a0 \u00a0 \u00a0 \u00a0 \u00a0 Softwarelizenzen, Netzwerkdaten<br \/>\n\u2022 Active Directory Administration<br \/>\n\u2022 Betreuung der Medien- und Konferenztechnik, Aufbau von \u00a0 \u00a0 \u00a0 \u00a0 \u00a0 \u00a0 \u00a0 \u00a0 \u00a0 \u00a0 Prozessen und Technologien zur Durchf\u00fchrung von universit\u00e4ren \u00a0 \u00a0 \u00a0 sowie externen Veranstaltungen sowie von Lehrveranstaltungen \u00a0 \u00a0 \u00a0 \u00a0 der Lehrst\u00fchle<br \/>\n\u2022 Vielf\u00e4ltige IT Beratung<\/p>\n<p>09\/2004 \u2013 01\/2005 Arbeitssuchend<br \/>\nReiseb\u00fcro am H\u00e4ndelplatz<br \/>\n\u2022 Windows NT4 , Windows 2000, Windows XP Administration und \u00a0 \u00a0 \u00a0 First Level Support sowie Hard- und Softwaresupport<br \/>\n\u2022 Beratung in Fragen bei Microsoft Lizenzen<br \/>\n\u2022 Unterweisung der Mitarbeiter in g\u00e4ngiger Anwendungssoftware \u00a0 \u00a0 \u00a0 \u00a0 sowie in branchenspezifischen Softwarel\u00f6sungen (StartWebClient \u00a0 \u00a0 und START Amadeus)<br \/>\n10\/2003 \u2013 09\/2004 Sachbearbeiter und Kundenbetreuer Elektrotechnik<br \/>\nK\u00fcchen- Elektro- Krings<br \/>\n\u2022 Planung und Beratung der Kunden<br \/>\n\u2022 Warenlogistik<\/p>\n<p>05\/2003 \u2013 10\/2003 Arbeitssuchend<br \/>\n\u2022 Nebent\u00e4tigkeiten im PC-Support<\/p>\n<p>03\/2003 \u2013 05\/2003 Praktikum Netzwerkadministration und PC-Support<br \/>\nT-Systems Nova Berkom<br \/>\n\u2022 Konzeption einer sicheren WLAN-Neugestaltung in die bereits \u00a0 \u00a0 \u00a0 \u00a0 \u00a0 \u00a0 vorhandene Struktur mit IPsec<br \/>\n\u2022 Helpdesk und User-Support Windows 2000 und Windows XP<\/p>\n<p>06\/2002 \u2013 05\/2003 Ausbildung Netzwerkspezialist MCSA, MCSE, CNA<br \/>\nIBM<br \/>\n\u2022 Aufbau und Planung von Testumgebungen von heterogenen \u00a0 \u00a0 \u00a0 \u00a0 \u00a0 \u00a0 \u00a0 \u00a0 \u00a0 Netzwerken<br \/>\n\u2022 Fehlersimulationen im Client \u2013 Server \u2013 Betrieb<br \/>\n\u2022 Installation und Wartungsarbeiten Windows Server 2000 und \u00a0 \u00a0 \u00a0 \u00a0 \u00a0 \u00a0 \u00a0 2003<br \/>\n\u2022 Installation und Konfiguration von Exchange Server 2000<\/p>\n<p>08\/2001 \u2013 05\/2002 Arbeitssuchend<br \/>\n\u2022 Nebent\u00e4tigkeiten im PC-Support<\/p>\n<p>01\/1999 \u2013 01\/2000 Zivildienst<br \/>\nKrankenhaus Neuk\u00f6lln<br \/>\n\u2022 Organisation sowie Ablaufplanung der Pflegekr\u00e4fte im \u00a0 \u00a0 \u00a0 \u00a0 \u00a0 \u00a0 \u00a0 \u00a0 \u00a0 \u00a0 \u00a0 \u00a0 \u00a0 \u00a0 \u00a0 Transportbereich<\/p>\n<p>09\/1998 \u2013 07\/2001 Studium Elektrotechnik FR: DV- und Netzwerktechnik<br \/>\nStaatliche Technikerschule Berlin<br \/>\n\u2022 Planung und Entwicklung einer interaktiven Lernsoftware im \u00a0 \u00a0 \u00a0 \u00a0 \u00a0 \u00a0 \u00a0 \u00a0 Rahmen einer Projektarbeit in einem Team, die im Rahmen der \u00a0 \u00a0 \u00a0 \u00a0 \u00a0 \u00a0 \u00a0Ausbildung eingesetzt wird<br \/>\n\u2022 Umgang mit MS Visual Studio 6.0 und MS Installer<br \/>\n02\/1998 \u2013 01\/1999 Kabelmonteur im 1kV und 10kV Versorgungsnetz<br \/>\nBewag<\/p>\n<h1>Ausbildung<\/h1>\n<p>03\/2003 \u2013 05\/2003 Praktikum Netzwerkadministration und PC-Support<br \/>\nT-Systems Nova Berkom<\/p>\n<p>06\/2002 \u2013 05\/2003 Ausbildung Netzwerkspezialist MCSA, MCSE, CNA<br \/>\nIBM<\/p>\n<p>09\/1998 \u2013 07\/2001 Studium Elektrotechnik FR: DV- und Netzwerktechnik<br \/>\nStaatliche Technikerschule Berlin<\/p>\n<p>09\/1994 \u2013 02\/1998 Ausbildung zum Industrieelektroniker FR:Ger\u00e4tetechnik<br \/>\nBewag<\/p>\n<p>08\/1990 \u2013 11\/1993 Ausbildung zum Techn. Assistenten f\u00fcr Datentechnik<br \/>\nLette Verein Berlin<\/p>\n<p>08\/1983 \u2013 07\/1990 Evangelische Schule Neuk\u00f6lln<br \/>\nAbschluss : Realschulabschluss mit gymnasialer Empfehlung<\/p>\n","protected":false},"excerpt":{"rendered":"<p>Seit 11\/2023 Senior System Manager Bundesdruckerei GmbH Seit 07\/2023 Senior Expert Service Operational Intelligence Bundesdruckerei GmbH Seit 01\/2022 Senior Technical Service Specialist Bundesdruckerei GmbH Seit 05\/2017 Technical Service Specialist Bundesdruckerei GmbH \u2022 Betreuung EasyPASS; Automatische Biometrische Grenzkontrolle \u2022 Betreuung GoID;\u00a0 Biometrische Zugangskarte mit integriertem Fingerabdrucksensor 06\/2015 \u2013 05\/2017 Leiter Support Rigilog GmbH \u2022 Leitung Support &hellip; <a href=\"https:\/\/woiti.de\/?page_id=7\" class=\"more-link\"><span class=\"screen-reader-text\">Lebenslauf<\/span> weiterlesen <span class=\"meta-nav\">&rarr;<\/span><\/a><\/p>\n","protected":false},"author":1,"featured_media":0,"parent":2,"menu_order":0,"comment_status":"closed","ping_status":"closed","template":"","meta":{"footnotes":""},"_links":{"self":[{"href":"https:\/\/woiti.de\/index.php?rest_route=\/wp\/v2\/pages\/7"}],"collection":[{"href":"https:\/\/woiti.de\/index.php?rest_route=\/wp\/v2\/pages"}],"about":[{"href":"https:\/\/woiti.de\/index.php?rest_route=\/wp\/v2\/types\/page"}],"author":[{"embeddable":true,"href":"https:\/\/woiti.de\/index.php?rest_route=\/wp\/v2\/users\/1"}],"replies":[{"embeddable":true,"href":"https:\/\/woiti.de\/index.php?rest_route=%2Fwp%2Fv2%2Fcomments&post=7"}],"version-history":[{"count":12,"href":"https:\/\/woiti.de\/index.php?rest_route=\/wp\/v2\/pages\/7\/revisions"}],"predecessor-version":[{"id":128,"href":"https:\/\/woiti.de\/index.php?rest_route=\/wp\/v2\/pages\/7\/revisions\/128"}],"up":[{"embeddable":true,"href":"https:\/\/woiti.de\/index.php?rest_route=\/wp\/v2\/pages\/2"}],"wp:attachment":[{"href":"https:\/\/woiti.de\/index.php?rest_route=%2Fwp%2Fv2%2Fmedia&parent=7"}],"curies":[{"name":"wp","href":"https:\/\/api.w.org\/{rel}","templated":true}]}}